{"id":115,"date":"2014-01-14T13:35:50","date_gmt":"2014-01-14T12:35:50","guid":{"rendered":"http:\/\/opis.emapi.pl\/?page_id=115"},"modified":"2014-01-14T13:35:50","modified_gmt":"2014-01-14T12:35:50","slug":"pokrycie","status":"publish","type":"page","link":"https:\/\/opis.emapi.pl\/en\/obsluga-emapi\/emapi-komunikacja-publiczna\/pokrycie\/","title":{"rendered":"Coverage"},"content":{"rendered":"<p><span style=\"color: #ff0000;\"><b>VI. Coverage.<\/b><\/span><\/p>\n<p>Data base for public transport is systematically extended and will eventually include the biggest Polish cities. For today it is available in:\u00a0<b>GOP (B\u0119dzin, Bytom, Chorz\u00f3w, D\u0105browa G\u00f3rnicza, Gliwice, Katowice, Mys\u0142owice, Ruda \u015al\u0105ska, Sosnowiec czy Zabrze), Gorz\u00f3w Wielkopolski, Krak\u00f3w, \u0141\u00f3d\u017a, Olsztyn, Pozna\u0144, Szczecin, \u015awidnica, Tychy, Warszawa and Wroc\u0142aw<\/b>.<\/p>","protected":false},"excerpt":{"rendered":"<p>VI. Coverage. Data base for public transport is systematically extended and will eventually include the biggest Polish cities. For today <a class=\"read-more\" href=\"https:\/\/opis.emapi.pl\/en\/obsluga-emapi\/emapi-komunikacja-publiczna\/pokrycie\/\">Czytaj wi\u0119cej&#8230;<\/a><\/p>\n","protected":false},"author":1,"featured_media":0,"parent":71,"menu_order":5,"comment_status":"closed","ping_status":"closed","template":"","meta":{"inline_featured_image":false,"footnotes":""},"class_list":["post-115","page","type-page","status-publish","hentry"],"yoast_head":"<!-- This site is optimized with the Yoast SEO plugin v26.7 - https:\/\/yoast.com\/wordpress\/plugins\/seo\/ -->\r\n<title>Coverage - Opis Emapi<\/title>\r\n<meta name=\"robots\" content=\"index, follow, max-snippet:-1, max-image-preview:large, max-video-preview:-1\" \/>\r\n<link rel=\"canonical\" href=\"https:\/\/opis.emapi.pl\/obsluga-emapi\/emapi-komunikacja-publiczna\/pokrycie\/\" \/>\r\n<meta property=\"og:locale\" content=\"en_US\" \/>\r\n<meta property=\"og:type\" content=\"article\" \/>\r\n<meta property=\"og:title\" content=\"Coverage - Opis Emapi\" \/>\r\n<meta property=\"og:description\" content=\"VI. Coverage. Data base for public transport is systematically extended and will eventually include the biggest Polish cities. For today Czytaj wi\u0119cej...\" \/>\r\n<meta property=\"og:url\" content=\"https:\/\/opis.emapi.pl\/obsluga-emapi\/emapi-komunikacja-publiczna\/pokrycie\/\" \/>\r\n<meta property=\"og:site_name\" content=\"Opis Emapi\" \/>\r\n<meta name=\"twitter:label1\" content=\"Est. reading time\" \/>\n\t<meta name=\"twitter:data1\" content=\"1 minute\" \/>\r\n<script type=\"application\/ld+json\" class=\"yoast-schema-graph\">{\"@context\":\"https:\/\/schema.org\",\"@graph\":[{\"@type\":\"WebPage\",\"@id\":\"https:\/\/opis.emapi.pl\/obsluga-emapi\/emapi-komunikacja-publiczna\/pokrycie\/\",\"url\":\"https:\/\/opis.emapi.pl\/obsluga-emapi\/emapi-komunikacja-publiczna\/pokrycie\/\",\"name\":\"Coverage - Opis Emapi\",\"isPartOf\":{\"@id\":\"https:\/\/opis.emapi.pl\/en\/#website\"},\"datePublished\":\"2014-01-14T12:35:50+00:00\",\"breadcrumb\":{\"@id\":\"https:\/\/opis.emapi.pl\/obsluga-emapi\/emapi-komunikacja-publiczna\/pokrycie\/#breadcrumb\"},\"inLanguage\":\"en-US\",\"potentialAction\":[{\"@type\":\"ReadAction\",\"target\":[\"https:\/\/opis.emapi.pl\/obsluga-emapi\/emapi-komunikacja-publiczna\/pokrycie\/\"]}]},{\"@type\":\"BreadcrumbList\",\"@id\":\"https:\/\/opis.emapi.pl\/obsluga-emapi\/emapi-komunikacja-publiczna\/pokrycie\/#breadcrumb\",\"itemListElement\":[{\"@type\":\"ListItem\",\"position\":1,\"name\":\"Obs\u0142uga Emapi\",\"item\":\"https:\/\/opis.emapi.pl\/obsluga-emapi\/\"},{\"@type\":\"ListItem\",\"position\":2,\"name\":\"EMAPI a komunikacja publiczna\",\"item\":\"https:\/\/opis.emapi.pl\/obsluga-emapi\/emapi-komunikacja-publiczna\/\"},{\"@type\":\"ListItem\",\"position\":3,\"name\":\"Pokrycie\"}]},{\"@type\":\"WebSite\",\"@id\":\"https:\/\/opis.emapi.pl\/en\/#website\",\"url\":\"https:\/\/opis.emapi.pl\/en\/\",\"name\":\"Opis Emapi\",\"description\":\"Opis Emapi\",\"potentialAction\":[{\"@type\":\"SearchAction\",\"target\":{\"@type\":\"EntryPoint\",\"urlTemplate\":\"https:\/\/opis.emapi.pl\/en\/?s={search_term_string}\"},\"query-input\":{\"@type\":\"PropertyValueSpecification\",\"valueRequired\":true,\"valueName\":\"search_term_string\"}}],\"inLanguage\":\"en-US\"}]}<\/script>\r\n<!-- \/ Yoast SEO plugin. -->","yoast_head_json":{"title":"Coverage - Opis Emapi","robots":{"index":"index","follow":"follow","max-snippet":"max-snippet:-1","max-image-preview":"max-image-preview:large","max-video-preview":"max-video-preview:-1"},"canonical":"https:\/\/opis.emapi.pl\/obsluga-emapi\/emapi-komunikacja-publiczna\/pokrycie\/","og_locale":"en_US","og_type":"article","og_title":"Coverage - Opis Emapi","og_description":"VI. Coverage. Data base for public transport is systematically extended and will eventually include the biggest Polish cities. For today Czytaj wi\u0119cej...","og_url":"https:\/\/opis.emapi.pl\/obsluga-emapi\/emapi-komunikacja-publiczna\/pokrycie\/","og_site_name":"Opis Emapi","twitter_misc":{"Est. reading time":"1 minute"},"schema":{"@context":"https:\/\/schema.org","@graph":[{"@type":"WebPage","@id":"https:\/\/opis.emapi.pl\/obsluga-emapi\/emapi-komunikacja-publiczna\/pokrycie\/","url":"https:\/\/opis.emapi.pl\/obsluga-emapi\/emapi-komunikacja-publiczna\/pokrycie\/","name":"Coverage - Opis Emapi","isPartOf":{"@id":"https:\/\/opis.emapi.pl\/en\/#website"},"datePublished":"2014-01-14T12:35:50+00:00","breadcrumb":{"@id":"https:\/\/opis.emapi.pl\/obsluga-emapi\/emapi-komunikacja-publiczna\/pokrycie\/#breadcrumb"},"inLanguage":"en-US","potentialAction":[{"@type":"ReadAction","target":["https:\/\/opis.emapi.pl\/obsluga-emapi\/emapi-komunikacja-publiczna\/pokrycie\/"]}]},{"@type":"BreadcrumbList","@id":"https:\/\/opis.emapi.pl\/obsluga-emapi\/emapi-komunikacja-publiczna\/pokrycie\/#breadcrumb","itemListElement":[{"@type":"ListItem","position":1,"name":"Obs\u0142uga Emapi","item":"https:\/\/opis.emapi.pl\/obsluga-emapi\/"},{"@type":"ListItem","position":2,"name":"EMAPI a komunikacja publiczna","item":"https:\/\/opis.emapi.pl\/obsluga-emapi\/emapi-komunikacja-publiczna\/"},{"@type":"ListItem","position":3,"name":"Pokrycie"}]},{"@type":"WebSite","@id":"https:\/\/opis.emapi.pl\/en\/#website","url":"https:\/\/opis.emapi.pl\/en\/","name":"Opis Emapi","description":"Opis Emapi","potentialAction":[{"@type":"SearchAction","target":{"@type":"EntryPoint","urlTemplate":"https:\/\/opis.emapi.pl\/en\/?s={search_term_string}"},"query-input":{"@type":"PropertyValueSpecification","valueRequired":true,"valueName":"search_term_string"}}],"inLanguage":"en-US"}]}},"_links":{"self":[{"href":"https:\/\/opis.emapi.pl\/en\/wp-json\/wp\/v2\/pages\/115","targetHints":{"allow":["GET"]}}],"collection":[{"href":"https:\/\/opis.emapi.pl\/en\/wp-json\/wp\/v2\/pages"}],"about":[{"href":"https:\/\/opis.emapi.pl\/en\/wp-json\/wp\/v2\/types\/page"}],"author":[{"embeddable":true,"href":"https:\/\/opis.emapi.pl\/en\/wp-json\/wp\/v2\/users\/1"}],"replies":[{"embeddable":true,"href":"https:\/\/opis.emapi.pl\/en\/wp-json\/wp\/v2\/comments?post=115"}],"version-history":[{"count":0,"href":"https:\/\/opis.emapi.pl\/en\/wp-json\/wp\/v2\/pages\/115\/revisions"}],"up":[{"embeddable":true,"href":"https:\/\/opis.emapi.pl\/en\/wp-json\/wp\/v2\/pages\/71"}],"wp:attachment":[{"href":"https:\/\/opis.emapi.pl\/en\/wp-json\/wp\/v2\/media?parent=115"}],"curies":[{"name":"wp","href":"https:\/\/api.w.org\/{rel}","templated":true}]}}