{"id":185,"date":"2014-01-14T14:26:29","date_gmt":"2014-01-14T13:26:29","guid":{"rendered":"http:\/\/opis.emapi.pl\/?page_id=185"},"modified":"2014-08-27T11:07:23","modified_gmt":"2014-08-27T09:07:23","slug":"obsluga","status":"publish","type":"page","link":"https:\/\/opis.emapi.pl\/en\/obsluga-emapi\/e-myto\/obsluga\/","title":{"rendered":"Manual"},"content":{"rendered":"<p><\/p>\n<ol>\n<li><b>Switching on\/off<\/b>\n<ol>\n<li>To switch on Toll module please choose option &#8220;<strong>truck<\/strong>&#8221; in left routing panel under the tab &#8220;<strong>Additional options<\/strong>&#8220;:\u00a0<center><img loading=\"lazy\" decoding=\"async\" class=\"alignnone size-full wp-image-441\" alt=\"truck\" src=\"http:\/\/opis.emapi.pl\/wp-content\/uploads\/truck.png\" width=\"317\" height=\"395\" \/><\/center><\/li>\n<li style=\"text-align: left;\">Then you will be asked for login and password (made available to individual customers):<br \/>\n<img loading=\"lazy\" decoding=\"async\" class=\"size-full wp-image-442 aligncenter\" alt=\"pass\" src=\"http:\/\/opis.emapi.pl\/wp-content\/uploads\/pass.png\" width=\"226\" height=\"200\" \/><\/li>\n<li>To switch toll module off, please choose option &#8220;<strong>car<\/strong>&#8221; in the tab &#8220;<strong>Additional options<\/strong>&#8220;.<\/li>\n<\/ol>\n<\/li>\n<li><b><a name=\"wyz_trasy\"><\/a>Routing<\/b>\n<ol>\n<li>Routing with regard to toll works like &#8220;normal&#8221; routing,<\/li>\n<li>\u00a0If the designated route includes paid segments, these will be marked with red:<center><img loading=\"lazy\" decoding=\"async\" alt=\"myto\" src=\"http:\/\/opis.emapi.pl\/wp-content\/uploads\/myto.png\" width=\"791\" height=\"479\" \/><\/center><\/li>\n<li>\u00a0After clicking on red segment, you will see the information on it:<center><img loading=\"lazy\" decoding=\"async\" alt=\"emyto4\" src=\"http:\/\/opis.emapi.pl\/wp-content\/uploads\/emyto4.png\" width=\"487\" height=\"324\" \/><\/center><\/li>\n<\/ol>\n<\/li>\n<li><b><a name=\"raport_trasy\"><\/a>Route report<\/b>\n<ol>\n<li>\u00a0While routing, in a route panel you will see an additional tab &#8220;<strong>Route report<\/strong>&#8221; &#8211; same as for normal routing. But in this case cost is divided into toll and the rest \u00a0of paid roads.\u00a0<center><img loading=\"lazy\" decoding=\"async\" class=\"alignnone size-full wp-image-443\" alt=\"toll_report\" src=\"http:\/\/opis.emapi.pl\/wp-content\/uploads\/toll_report.png\" width=\"330\" height=\"362\" \/><\/center><\/li>\n<li>Under shorten route reports you will see detailed reports. First report includes detailed information on paid roads:\n<ul>\n<li>the total length of paid segments &#8211; divided into categories of roads (motorways, expressways, country roads),<\/li>\n<li>total amount of tolls on the road category.<\/li>\n<\/ul>\n<p><center><img loading=\"lazy\" decoding=\"async\" class=\"alignnone size-full wp-image-444\" alt=\"raport_3\" src=\"http:\/\/opis.emapi.pl\/wp-content\/uploads\/raport_3.png\" width=\"282\" height=\"72\" \/><\/center><\/li>\n<\/ol>\n<\/li>\n<li><b><a name=\"trasa_alter\"><\/a>\u00a0Determination of the alternative route &#8211; avoiding paid roads:<\/b>\n<ol>\n<li>In order to route avoiding paid roads, please in tab &#8220;<strong>Route options<\/strong>&#8221; select &#8220;<strong>exclude paid roads<\/strong>&#8220;:<center><img loading=\"lazy\" decoding=\"async\" class=\"alignnone size-full wp-image-446\" alt=\"paid roads\" src=\"http:\/\/opis.emapi.pl\/wp-content\/uploads\/paid-roads.png\" width=\"299\" height=\"204\" \/><\/center><\/li>\n<li>\u00a0While calculating route, system will avoid paid road segments and will find an alternative route.<\/li>\n<\/ol>\n<\/li>\n<li><b><a name=\"konf_pojazdu\"><\/a>Choice of vehicle and its configuration<\/b>\n<ol>\n<li>In order to find right settings for your vehicle, please in the tab &#8220;<strong>Route options<\/strong>&#8221; go to bottom settings and choose :\n<ul>\n<li>type of vehicle:<br \/>\n<center><img loading=\"lazy\" decoding=\"async\" class=\"alignnone size-full wp-image-447\" alt=\"type\" src=\"http:\/\/opis.emapi.pl\/wp-content\/uploads\/type.png\" width=\"300\" height=\"303\" \/><\/center><\/li>\n<li>and fuel emission class:<br \/>\n<center><img loading=\"lazy\" decoding=\"async\" class=\"alignnone size-full wp-image-448\" alt=\"fuel\" src=\"http:\/\/opis.emapi.pl\/wp-content\/uploads\/fuel.png\" width=\"298\" height=\"347\" \/><\/center><\/li>\n<\/ul>\n<\/li>\n<li>You can also edit detailed settings of your vehicle. To do it, please choose option &#8220;<strong>Edit<\/strong>&#8221; &#8211; near windows of choice type of vehicle and fuel emission class:<center><img loading=\"lazy\" decoding=\"async\" alt=\"ciez2\" src=\"http:\/\/opis.emapi.pl\/wp-content\/uploads\/ciez2.png\" width=\"296\" height=\"314\" \/><\/center><\/li>\n<li>You will then see an extra window, where you can edit such vehicle parameters as permissible gross weight, weight per axle, height, width, speed on a particular road category, average combustion:\u00a0<center><img loading=\"lazy\" decoding=\"async\" class=\"alignnone size-full wp-image-449\" alt=\"tabela\" src=\"http:\/\/opis.emapi.pl\/wp-content\/uploads\/tabela.png\" width=\"434\" height=\"497\" srcset=\"https:\/\/opis.emapi.pl\/wp-content\/uploads\/tabela.png 434w, https:\/\/opis.emapi.pl\/wp-content\/uploads\/tabela-349x400.png 349w\" sizes=\"auto, (max-width: 434px) 100vw, 434px\" \/><\/center><\/li>\n<li>Domy\u015blnie dla ka\u017cdego z typu pojazd\u00f3w przyj\u0119te zosta\u0142y u\u015brednione warto\u015bci. Default for each vehicle avaraged valueas are adopted.<\/li>\n<\/ol>\n<\/li>\n<\/ol>\n<p><\/p>","protected":false},"excerpt":{"rendered":"<p>Switching on\/off To switch on Toll module please choose option &#8220;truck&#8221; in left routing panel under the tab &#8220;Additional options&#8220;:\u00a0 <a class=\"read-more\" href=\"https:\/\/opis.emapi.pl\/en\/obsluga-emapi\/e-myto\/obsluga\/\">Czytaj wi\u0119cej&#8230;<\/a><\/p>\n","protected":false},"author":1,"featured_media":0,"parent":183,"menu_order":1,"comment_status":"closed","ping_status":"closed","template":"","meta":{"inline_featured_image":false,"footnotes":""},"class_list":["post-185","page","type-page","status-publish","hentry"],"yoast_head":"<!-- This site is optimized with the Yoast SEO plugin v26.7 - https:\/\/yoast.com\/wordpress\/plugins\/seo\/ -->\r\n<title>Manual - Opis Emapi<\/title>\r\n<meta name=\"robots\" content=\"index, follow, max-snippet:-1, max-image-preview:large, max-video-preview:-1\" \/>\r\n<link rel=\"canonical\" href=\"https:\/\/opis.emapi.pl\/en\/obsluga-emapi\/e-myto\/obsluga\/\" \/>\r\n<meta property=\"og:locale\" content=\"en_US\" \/>\r\n<meta property=\"og:type\" content=\"article\" \/>\r\n<meta property=\"og:title\" content=\"Manual - Opis Emapi\" \/>\r\n<meta property=\"og:description\" content=\"Switching on\/off To switch on Toll module please choose option &#8220;truck&#8221; in left routing panel under the tab &#8220;Additional options&#8220;:\u00a0 Czytaj wi\u0119cej...\" \/>\r\n<meta property=\"og:url\" content=\"https:\/\/opis.emapi.pl\/en\/obsluga-emapi\/e-myto\/obsluga\/\" \/>\r\n<meta property=\"og:site_name\" content=\"Opis Emapi\" \/>\r\n<meta property=\"article:modified_time\" content=\"2014-08-27T09:07:23+00:00\" \/>\r\n<meta property=\"og:image\" content=\"https:\/\/opis.emapi.pl\/wp-content\/uploads\/ciezarowy.png\" \/>\r\n\t<meta property=\"og:image:width\" content=\"319\" \/>\r\n\t<meta property=\"og:image:height\" content=\"396\" \/>\r\n\t<meta property=\"og:image:type\" content=\"image\/png\" \/>\r\n<meta name=\"twitter:label1\" content=\"Est. reading time\" \/>\n\t<meta name=\"twitter:data1\" content=\"3 minutes\" \/>\r\n<script type=\"application\/ld+json\" class=\"yoast-schema-graph\">{\"@context\":\"https:\/\/schema.org\",\"@graph\":[{\"@type\":\"WebPage\",\"@id\":\"https:\/\/opis.emapi.pl\/en\/obsluga-emapi\/e-myto\/obsluga\/\",\"url\":\"https:\/\/opis.emapi.pl\/en\/obsluga-emapi\/e-myto\/obsluga\/\",\"name\":\"Manual - Opis Emapi\",\"isPartOf\":{\"@id\":\"https:\/\/opis.emapi.pl\/en\/#website\"},\"primaryImageOfPage\":{\"@id\":\"https:\/\/opis.emapi.pl\/en\/obsluga-emapi\/e-myto\/obsluga\/#primaryimage\"},\"image\":{\"@id\":\"https:\/\/opis.emapi.pl\/en\/obsluga-emapi\/e-myto\/obsluga\/#primaryimage\"},\"thumbnailUrl\":\"http:\/\/opis.emapi.pl\/wp-content\/uploads\/ciezarowy.png\",\"datePublished\":\"2014-01-14T13:26:29+00:00\",\"dateModified\":\"2014-08-27T09:07:23+00:00\",\"breadcrumb\":{\"@id\":\"https:\/\/opis.emapi.pl\/en\/obsluga-emapi\/e-myto\/obsluga\/#breadcrumb\"},\"inLanguage\":\"en-US\",\"potentialAction\":[{\"@type\":\"ReadAction\",\"target\":[\"https:\/\/opis.emapi.pl\/en\/obsluga-emapi\/e-myto\/obsluga\/\"]}]},{\"@type\":\"ImageObject\",\"inLanguage\":\"en-US\",\"@id\":\"https:\/\/opis.emapi.pl\/en\/obsluga-emapi\/e-myto\/obsluga\/#primaryimage\",\"url\":\"http:\/\/opis.emapi.pl\/wp-content\/uploads\/ciezarowy.png\",\"contentUrl\":\"http:\/\/opis.emapi.pl\/wp-content\/uploads\/ciezarowy.png\"},{\"@type\":\"BreadcrumbList\",\"@id\":\"https:\/\/opis.emapi.pl\/en\/obsluga-emapi\/e-myto\/obsluga\/#breadcrumb\",\"itemListElement\":[{\"@type\":\"ListItem\",\"position\":1,\"name\":\"Obs\u0142uga Emapi\",\"item\":\"https:\/\/opis.emapi.pl\/obsluga-emapi\/\"},{\"@type\":\"ListItem\",\"position\":2,\"name\":\"E-myto\",\"item\":\"https:\/\/opis.emapi.pl\/obsluga-emapi\/e-myto\/\"},{\"@type\":\"ListItem\",\"position\":3,\"name\":\"Manual\"}]},{\"@type\":\"WebSite\",\"@id\":\"https:\/\/opis.emapi.pl\/en\/#website\",\"url\":\"https:\/\/opis.emapi.pl\/en\/\",\"name\":\"Opis Emapi\",\"description\":\"Opis Emapi\",\"potentialAction\":[{\"@type\":\"SearchAction\",\"target\":{\"@type\":\"EntryPoint\",\"urlTemplate\":\"https:\/\/opis.emapi.pl\/en\/?s={search_term_string}\"},\"query-input\":{\"@type\":\"PropertyValueSpecification\",\"valueRequired\":true,\"valueName\":\"search_term_string\"}}],\"inLanguage\":\"en-US\"}]}<\/script>\r\n<!-- \/ Yoast SEO plugin. -->","yoast_head_json":{"title":"Manual - Opis Emapi","robots":{"index":"index","follow":"follow","max-snippet":"max-snippet:-1","max-image-preview":"max-image-preview:large","max-video-preview":"max-video-preview:-1"},"canonical":"https:\/\/opis.emapi.pl\/en\/obsluga-emapi\/e-myto\/obsluga\/","og_locale":"en_US","og_type":"article","og_title":"Manual - Opis Emapi","og_description":"Switching on\/off To switch on Toll module please choose option &#8220;truck&#8221; in left routing panel under the tab &#8220;Additional options&#8220;:\u00a0 Czytaj wi\u0119cej...","og_url":"https:\/\/opis.emapi.pl\/en\/obsluga-emapi\/e-myto\/obsluga\/","og_site_name":"Opis Emapi","article_modified_time":"2014-08-27T09:07:23+00:00","og_image":[{"width":319,"height":396,"url":"https:\/\/opis.emapi.pl\/wp-content\/uploads\/ciezarowy.png","type":"image\/png"}],"twitter_misc":{"Est. reading time":"3 minutes"},"schema":{"@context":"https:\/\/schema.org","@graph":[{"@type":"WebPage","@id":"https:\/\/opis.emapi.pl\/en\/obsluga-emapi\/e-myto\/obsluga\/","url":"https:\/\/opis.emapi.pl\/en\/obsluga-emapi\/e-myto\/obsluga\/","name":"Manual - Opis Emapi","isPartOf":{"@id":"https:\/\/opis.emapi.pl\/en\/#website"},"primaryImageOfPage":{"@id":"https:\/\/opis.emapi.pl\/en\/obsluga-emapi\/e-myto\/obsluga\/#primaryimage"},"image":{"@id":"https:\/\/opis.emapi.pl\/en\/obsluga-emapi\/e-myto\/obsluga\/#primaryimage"},"thumbnailUrl":"http:\/\/opis.emapi.pl\/wp-content\/uploads\/ciezarowy.png","datePublished":"2014-01-14T13:26:29+00:00","dateModified":"2014-08-27T09:07:23+00:00","breadcrumb":{"@id":"https:\/\/opis.emapi.pl\/en\/obsluga-emapi\/e-myto\/obsluga\/#breadcrumb"},"inLanguage":"en-US","potentialAction":[{"@type":"ReadAction","target":["https:\/\/opis.emapi.pl\/en\/obsluga-emapi\/e-myto\/obsluga\/"]}]},{"@type":"ImageObject","inLanguage":"en-US","@id":"https:\/\/opis.emapi.pl\/en\/obsluga-emapi\/e-myto\/obsluga\/#primaryimage","url":"http:\/\/opis.emapi.pl\/wp-content\/uploads\/ciezarowy.png","contentUrl":"http:\/\/opis.emapi.pl\/wp-content\/uploads\/ciezarowy.png"},{"@type":"BreadcrumbList","@id":"https:\/\/opis.emapi.pl\/en\/obsluga-emapi\/e-myto\/obsluga\/#breadcrumb","itemListElement":[{"@type":"ListItem","position":1,"name":"Obs\u0142uga Emapi","item":"https:\/\/opis.emapi.pl\/obsluga-emapi\/"},{"@type":"ListItem","position":2,"name":"E-myto","item":"https:\/\/opis.emapi.pl\/obsluga-emapi\/e-myto\/"},{"@type":"ListItem","position":3,"name":"Manual"}]},{"@type":"WebSite","@id":"https:\/\/opis.emapi.pl\/en\/#website","url":"https:\/\/opis.emapi.pl\/en\/","name":"Opis Emapi","description":"Opis Emapi","potentialAction":[{"@type":"SearchAction","target":{"@type":"EntryPoint","urlTemplate":"https:\/\/opis.emapi.pl\/en\/?s={search_term_string}"},"query-input":{"@type":"PropertyValueSpecification","valueRequired":true,"valueName":"search_term_string"}}],"inLanguage":"en-US"}]}},"_links":{"self":[{"href":"https:\/\/opis.emapi.pl\/en\/wp-json\/wp\/v2\/pages\/185","targetHints":{"allow":["GET"]}}],"collection":[{"href":"https:\/\/opis.emapi.pl\/en\/wp-json\/wp\/v2\/pages"}],"about":[{"href":"https:\/\/opis.emapi.pl\/en\/wp-json\/wp\/v2\/types\/page"}],"author":[{"embeddable":true,"href":"https:\/\/opis.emapi.pl\/en\/wp-json\/wp\/v2\/users\/1"}],"replies":[{"embeddable":true,"href":"https:\/\/opis.emapi.pl\/en\/wp-json\/wp\/v2\/comments?post=185"}],"version-history":[{"count":0,"href":"https:\/\/opis.emapi.pl\/en\/wp-json\/wp\/v2\/pages\/185\/revisions"}],"up":[{"embeddable":true,"href":"https:\/\/opis.emapi.pl\/en\/wp-json\/wp\/v2\/pages\/183"}],"wp:attachment":[{"href":"https:\/\/opis.emapi.pl\/en\/wp-json\/wp\/v2\/media?parent=185"}],"curies":[{"name":"wp","href":"https:\/\/api.w.org\/{rel}","templated":true}]}}