{"id":236,"date":"2014-01-14T15:02:54","date_gmt":"2014-01-14T14:02:54","guid":{"rendered":"http:\/\/opis.emapi.pl\/?page_id=236"},"modified":"2014-05-12T12:08:14","modified_gmt":"2014-05-12T10:08:14","slug":"instrukcja-obslugi","status":"publish","type":"page","link":"https:\/\/opis.emapi.pl\/en\/obsluga-emapi\/mapa-turystyczna\/instrukcja-obslugi\/","title":{"rendered":"User manual"},"content":{"rendered":"<p>Korzystanie z Mapy Turystycznej jest proste i intuicyjne. Poni\u017cej zawarty jest opis podstawowych dzia\u0142a\u0144 i operacji, jakie mo\u017cna dzi\u0119ki niej wykona\u0107.<\/p>\n<ol>\n<li><b><a name=\"wla_wyl\"><\/a>Turning on\/off.<\/b>\n<ol>\n<li>To turn on the layers of Tourist Map, please point with your cursor the \u201eTourist map\u201d button, which you\u2019ll find under the button &#8220;Layers&#8221;:<center><img loading=\"lazy\" decoding=\"async\" class=\"alignnone size-full wp-image-414\" alt=\"tourist1\" src=\"http:\/\/opis.emapi.pl\/wp-content\/uploads\/tourist1.png\" width=\"312\" height=\"150\" \/><\/center><\/li>\n<li>And choose the particular items of Tourist map:<center><img loading=\"lazy\" decoding=\"async\" class=\"alignnone size-full wp-image-415\" alt=\"tourist2\" src=\"http:\/\/opis.emapi.pl\/wp-content\/uploads\/tourist2.png\" width=\"459\" height=\"145\" srcset=\"https:\/\/opis.emapi.pl\/wp-content\/uploads\/tourist2.png 459w, https:\/\/opis.emapi.pl\/wp-content\/uploads\/tourist2-400x126.png 400w\" sizes=\"auto, (max-width: 459px) 100vw, 459px\" \/><\/center><\/li>\n<li>After selecting the chosen options, from the right side of the map window the Map Tourist bar will eject.<center><img loading=\"lazy\" decoding=\"async\" class=\"alignnone size-full wp-image-416\" alt=\"tourist3\" src=\"http:\/\/opis.emapi.pl\/wp-content\/uploads\/tourist3.png\" width=\"235\" height=\"346\" \/><\/center>\n<ol>\n<li>The bar contains a legend of the Tourist Map: explaining hypsometry colors, matching line styles and icons to the route types, colors and categories, etc., as well as direct link to additional information on layer functioning (\u201cFind out more about tourist map\u201d).<\/li>\n<li>The Tourist Map legend may be hidden at any time (and then again ejected) using a special handle (left bottom corner). The bar will automatically hide also after turning off the Tourist Map.<\/li>\n<\/ol>\n<\/li>\n<li>Tourist Map may be turned off by disselecting previously marked options in context menu under the button \u201eLayers\u201d:<center><img loading=\"lazy\" decoding=\"async\" alt=\"tourist1\" src=\"http:\/\/opis.emapi.pl\/wp-content\/uploads\/tourist1.png\" width=\"312\" height=\"150\" \/><\/center><\/li>\n<\/ol>\n<\/li>\n<li><b><a name=\"informacje\"><\/a>Displaying detailed information.<\/b>After single click on chosen tourist route section, you will see an interactive window with information on the particular section:<br \/>\n<center><img loading=\"lazy\" decoding=\"async\" class=\"alignnone size-full wp-image-245\" alt=\"tur4\" src=\"http:\/\/opis.emapi.pl\/wp-content\/uploads\/tur41.png\" width=\"307\" height=\"172\" \/><\/center><\/li>\n<li><b><a name=\"traffic\"><\/a>Tourist Map vs Traffic.\u00a0<\/b>Layers Tourist Map, Road investments and Traffic can\u2019t be simultaneously displayed. Trying to chose one of them, while the other one is turned on, you will see the message:<br \/>\n<center><img loading=\"lazy\" decoding=\"async\" class=\"alignnone size-full wp-image-417\" alt=\"komunikat\" src=\"http:\/\/opis.emapi.pl\/wp-content\/uploads\/komunikat.png\" width=\"346\" height=\"138\" \/><\/center>After accepting it, you will see the recently selected layer.<\/li>\n<\/ol>\n<p><\/p>","protected":false},"excerpt":{"rendered":"<p>Korzystanie z Mapy Turystycznej jest proste i intuicyjne. Poni\u017cej zawarty jest opis podstawowych dzia\u0142a\u0144 i operacji, jakie mo\u017cna dzi\u0119ki niej <a class=\"read-more\" href=\"https:\/\/opis.emapi.pl\/en\/obsluga-emapi\/mapa-turystyczna\/instrukcja-obslugi\/\">Czytaj wi\u0119cej&#8230;<\/a><\/p>\n","protected":false},"author":1,"featured_media":0,"parent":199,"menu_order":1,"comment_status":"closed","ping_status":"closed","template":"","meta":{"inline_featured_image":false,"footnotes":""},"class_list":["post-236","page","type-page","status-publish","hentry"],"yoast_head":"<!-- This site is optimized with the Yoast SEO plugin v26.7 - https:\/\/yoast.com\/wordpress\/plugins\/seo\/ -->\r\n<title>User manual - Opis Emapi<\/title>\r\n<meta name=\"robots\" content=\"index, follow, max-snippet:-1, max-image-preview:large, max-video-preview:-1\" \/>\r\n<link rel=\"canonical\" href=\"https:\/\/opis.emapi.pl\/obsluga-emapi\/mapa-turystyczna\/instrukcja-obslugi\/\" \/>\r\n<meta property=\"og:locale\" content=\"en_US\" \/>\r\n<meta property=\"og:type\" content=\"article\" \/>\r\n<meta property=\"og:title\" content=\"User manual - Opis Emapi\" \/>\r\n<meta property=\"og:description\" content=\"Korzystanie z Mapy Turystycznej jest proste i intuicyjne. Poni\u017cej zawarty jest opis podstawowych dzia\u0142a\u0144 i operacji, jakie mo\u017cna dzi\u0119ki niej Czytaj wi\u0119cej...\" \/>\r\n<meta property=\"og:url\" content=\"https:\/\/opis.emapi.pl\/obsluga-emapi\/mapa-turystyczna\/instrukcja-obslugi\/\" \/>\r\n<meta property=\"og:site_name\" content=\"Opis Emapi\" \/>\r\n<meta property=\"article:modified_time\" content=\"2014-05-12T10:08:14+00:00\" \/>\r\n<meta property=\"og:image\" content=\"https:\/\/opis.emapi.pl\/wp-content\/uploads\/turyst.png\" \/>\r\n\t<meta property=\"og:image:width\" content=\"175\" \/>\r\n\t<meta property=\"og:image:height\" content=\"121\" \/>\r\n\t<meta property=\"og:image:type\" content=\"image\/png\" \/>\r\n<meta name=\"twitter:label1\" content=\"Est. reading time\" \/>\n\t<meta name=\"twitter:data1\" content=\"2 minutes\" \/>\r\n<script type=\"application\/ld+json\" class=\"yoast-schema-graph\">{\"@context\":\"https:\/\/schema.org\",\"@graph\":[{\"@type\":\"WebPage\",\"@id\":\"https:\/\/opis.emapi.pl\/obsluga-emapi\/mapa-turystyczna\/instrukcja-obslugi\/\",\"url\":\"https:\/\/opis.emapi.pl\/obsluga-emapi\/mapa-turystyczna\/instrukcja-obslugi\/\",\"name\":\"User manual - Opis Emapi\",\"isPartOf\":{\"@id\":\"https:\/\/opis.emapi.pl\/en\/#website\"},\"primaryImageOfPage\":{\"@id\":\"https:\/\/opis.emapi.pl\/obsluga-emapi\/mapa-turystyczna\/instrukcja-obslugi\/#primaryimage\"},\"image\":{\"@id\":\"https:\/\/opis.emapi.pl\/obsluga-emapi\/mapa-turystyczna\/instrukcja-obslugi\/#primaryimage\"},\"thumbnailUrl\":\"http:\/\/opis.emapi.pl\/wp-content\/uploads\/turyst.png\",\"datePublished\":\"2014-01-14T14:02:54+00:00\",\"dateModified\":\"2014-05-12T10:08:14+00:00\",\"breadcrumb\":{\"@id\":\"https:\/\/opis.emapi.pl\/obsluga-emapi\/mapa-turystyczna\/instrukcja-obslugi\/#breadcrumb\"},\"inLanguage\":\"en-US\",\"potentialAction\":[{\"@type\":\"ReadAction\",\"target\":[\"https:\/\/opis.emapi.pl\/obsluga-emapi\/mapa-turystyczna\/instrukcja-obslugi\/\"]}]},{\"@type\":\"ImageObject\",\"inLanguage\":\"en-US\",\"@id\":\"https:\/\/opis.emapi.pl\/obsluga-emapi\/mapa-turystyczna\/instrukcja-obslugi\/#primaryimage\",\"url\":\"http:\/\/opis.emapi.pl\/wp-content\/uploads\/turyst.png\",\"contentUrl\":\"http:\/\/opis.emapi.pl\/wp-content\/uploads\/turyst.png\"},{\"@type\":\"BreadcrumbList\",\"@id\":\"https:\/\/opis.emapi.pl\/obsluga-emapi\/mapa-turystyczna\/instrukcja-obslugi\/#breadcrumb\",\"itemListElement\":[{\"@type\":\"ListItem\",\"position\":1,\"name\":\"Obs\u0142uga Emapi\",\"item\":\"https:\/\/opis.emapi.pl\/obsluga-emapi\/\"},{\"@type\":\"ListItem\",\"position\":2,\"name\":\"Mapa turystyczna\",\"item\":\"https:\/\/opis.emapi.pl\/obsluga-emapi\/mapa-turystyczna\/\"},{\"@type\":\"ListItem\",\"position\":3,\"name\":\"Instrukcja obs\u0142ugi\"}]},{\"@type\":\"WebSite\",\"@id\":\"https:\/\/opis.emapi.pl\/en\/#website\",\"url\":\"https:\/\/opis.emapi.pl\/en\/\",\"name\":\"Opis Emapi\",\"description\":\"Opis Emapi\",\"potentialAction\":[{\"@type\":\"SearchAction\",\"target\":{\"@type\":\"EntryPoint\",\"urlTemplate\":\"https:\/\/opis.emapi.pl\/en\/?s={search_term_string}\"},\"query-input\":{\"@type\":\"PropertyValueSpecification\",\"valueRequired\":true,\"valueName\":\"search_term_string\"}}],\"inLanguage\":\"en-US\"}]}<\/script>\r\n<!-- \/ Yoast SEO plugin. -->","yoast_head_json":{"title":"User manual - Opis Emapi","robots":{"index":"index","follow":"follow","max-snippet":"max-snippet:-1","max-image-preview":"max-image-preview:large","max-video-preview":"max-video-preview:-1"},"canonical":"https:\/\/opis.emapi.pl\/obsluga-emapi\/mapa-turystyczna\/instrukcja-obslugi\/","og_locale":"en_US","og_type":"article","og_title":"User manual - Opis Emapi","og_description":"Korzystanie z Mapy Turystycznej jest proste i intuicyjne. Poni\u017cej zawarty jest opis podstawowych dzia\u0142a\u0144 i operacji, jakie mo\u017cna dzi\u0119ki niej Czytaj wi\u0119cej...","og_url":"https:\/\/opis.emapi.pl\/obsluga-emapi\/mapa-turystyczna\/instrukcja-obslugi\/","og_site_name":"Opis Emapi","article_modified_time":"2014-05-12T10:08:14+00:00","og_image":[{"width":175,"height":121,"url":"https:\/\/opis.emapi.pl\/wp-content\/uploads\/turyst.png","type":"image\/png"}],"twitter_misc":{"Est. reading time":"2 minutes"},"schema":{"@context":"https:\/\/schema.org","@graph":[{"@type":"WebPage","@id":"https:\/\/opis.emapi.pl\/obsluga-emapi\/mapa-turystyczna\/instrukcja-obslugi\/","url":"https:\/\/opis.emapi.pl\/obsluga-emapi\/mapa-turystyczna\/instrukcja-obslugi\/","name":"User manual - Opis Emapi","isPartOf":{"@id":"https:\/\/opis.emapi.pl\/en\/#website"},"primaryImageOfPage":{"@id":"https:\/\/opis.emapi.pl\/obsluga-emapi\/mapa-turystyczna\/instrukcja-obslugi\/#primaryimage"},"image":{"@id":"https:\/\/opis.emapi.pl\/obsluga-emapi\/mapa-turystyczna\/instrukcja-obslugi\/#primaryimage"},"thumbnailUrl":"http:\/\/opis.emapi.pl\/wp-content\/uploads\/turyst.png","datePublished":"2014-01-14T14:02:54+00:00","dateModified":"2014-05-12T10:08:14+00:00","breadcrumb":{"@id":"https:\/\/opis.emapi.pl\/obsluga-emapi\/mapa-turystyczna\/instrukcja-obslugi\/#breadcrumb"},"inLanguage":"en-US","potentialAction":[{"@type":"ReadAction","target":["https:\/\/opis.emapi.pl\/obsluga-emapi\/mapa-turystyczna\/instrukcja-obslugi\/"]}]},{"@type":"ImageObject","inLanguage":"en-US","@id":"https:\/\/opis.emapi.pl\/obsluga-emapi\/mapa-turystyczna\/instrukcja-obslugi\/#primaryimage","url":"http:\/\/opis.emapi.pl\/wp-content\/uploads\/turyst.png","contentUrl":"http:\/\/opis.emapi.pl\/wp-content\/uploads\/turyst.png"},{"@type":"BreadcrumbList","@id":"https:\/\/opis.emapi.pl\/obsluga-emapi\/mapa-turystyczna\/instrukcja-obslugi\/#breadcrumb","itemListElement":[{"@type":"ListItem","position":1,"name":"Obs\u0142uga Emapi","item":"https:\/\/opis.emapi.pl\/obsluga-emapi\/"},{"@type":"ListItem","position":2,"name":"Mapa turystyczna","item":"https:\/\/opis.emapi.pl\/obsluga-emapi\/mapa-turystyczna\/"},{"@type":"ListItem","position":3,"name":"Instrukcja obs\u0142ugi"}]},{"@type":"WebSite","@id":"https:\/\/opis.emapi.pl\/en\/#website","url":"https:\/\/opis.emapi.pl\/en\/","name":"Opis Emapi","description":"Opis Emapi","potentialAction":[{"@type":"SearchAction","target":{"@type":"EntryPoint","urlTemplate":"https:\/\/opis.emapi.pl\/en\/?s={search_term_string}"},"query-input":{"@type":"PropertyValueSpecification","valueRequired":true,"valueName":"search_term_string"}}],"inLanguage":"en-US"}]}},"_links":{"self":[{"href":"https:\/\/opis.emapi.pl\/en\/wp-json\/wp\/v2\/pages\/236","targetHints":{"allow":["GET"]}}],"collection":[{"href":"https:\/\/opis.emapi.pl\/en\/wp-json\/wp\/v2\/pages"}],"about":[{"href":"https:\/\/opis.emapi.pl\/en\/wp-json\/wp\/v2\/types\/page"}],"author":[{"embeddable":true,"href":"https:\/\/opis.emapi.pl\/en\/wp-json\/wp\/v2\/users\/1"}],"replies":[{"embeddable":true,"href":"https:\/\/opis.emapi.pl\/en\/wp-json\/wp\/v2\/comments?post=236"}],"version-history":[{"count":0,"href":"https:\/\/opis.emapi.pl\/en\/wp-json\/wp\/v2\/pages\/236\/revisions"}],"up":[{"embeddable":true,"href":"https:\/\/opis.emapi.pl\/en\/wp-json\/wp\/v2\/pages\/199"}],"wp:attachment":[{"href":"https:\/\/opis.emapi.pl\/en\/wp-json\/wp\/v2\/media?parent=236"}],"curies":[{"name":"wp","href":"https:\/\/api.w.org\/{rel}","templated":true}]}}