{"id":320,"date":"2014-04-24T13:12:14","date_gmt":"2014-04-24T11:12:14","guid":{"rendered":"http:\/\/opis.emapi.pl\/?page_id=320"},"modified":"2026-01-15T09:36:25","modified_gmt":"2026-01-15T08:36:25","slug":"kontakt","status":"publish","type":"page","link":"https:\/\/opis.emapi.pl\/en\/kontakt\/","title":{"rendered":"Contact"},"content":{"rendered":"<p>If you have any questions, need additional information or are interested in purchasing, please contact us:<\/p>\n<p><b>Address data:<\/b><\/p>\n<table>\n<tbody>\n<tr>\n<td width=\"200\"><b>Emapa Telematics sp. z o.o.<\/b><\/p>\n<p>Grzybowska 4\/96<br \/>\n00-131 Warszawa<\/p>\n<p>\u0141\u00f3d\u017a Branch<br \/>\nul. \u0141\u0105kowa 11<br \/>\n90-562 \u0141\u00f3d\u017a<br \/>\nT. +48 (+48 42) 633 92 79<br \/>\nT. +48 (22) 638 41 86<br \/>\nT.\/fax +48 (+48 42) 633 96 03<br \/>\n<a href=\"mailto:biuro@emapa.pl\">biuro@emapa.pl<\/a><\/td>\n<td width=\"200\">REGON: 367906160<br \/>\nNIP: 5252717680<br \/>\nKRS: 0000688279<br \/>\nSeed capital: 985 400 z\u0142<\/td>\n<\/tr>\n<\/tbody>\n<\/table>\n<p><\/p>","protected":false},"excerpt":{"rendered":"<p>If you have any questions, need additional information or are interested in purchasing, please contact us: Address data: Emapa Telematics <a class=\"read-more\" href=\"https:\/\/opis.emapi.pl\/en\/kontakt\/\">Czytaj wi\u0119cej&#8230;<\/a><\/p>\n","protected":false},"author":1,"featured_media":0,"parent":0,"menu_order":7,"comment_status":"closed","ping_status":"closed","template":"","meta":{"inline_featured_image":false,"footnotes":""},"class_list":["post-320","page","type-page","status-publish","hentry"],"yoast_head":"<!-- This site is optimized with the Yoast SEO plugin v26.7 - https:\/\/yoast.com\/wordpress\/plugins\/seo\/ -->\r\n<title>Contact - Opis Emapi<\/title>\r\n<meta name=\"robots\" content=\"index, follow, max-snippet:-1, max-image-preview:large, max-video-preview:-1\" \/>\r\n<link rel=\"canonical\" href=\"https:\/\/opis.emapi.pl\/kontakt\/\" \/>\r\n<meta property=\"og:locale\" content=\"en_US\" \/>\r\n<meta property=\"og:type\" content=\"article\" \/>\r\n<meta property=\"og:title\" content=\"Contact - Opis Emapi\" \/>\r\n<meta property=\"og:description\" content=\"If you have any questions, need additional information or are interested in purchasing, please contact us: Address data: Emapa Telematics Czytaj wi\u0119cej...\" \/>\r\n<meta property=\"og:url\" content=\"https:\/\/opis.emapi.pl\/kontakt\/\" \/>\r\n<meta property=\"og:site_name\" content=\"Opis Emapi\" \/>\r\n<meta property=\"article:modified_time\" content=\"2026-01-15T08:36:25+00:00\" \/>\r\n<script type=\"application\/ld+json\" class=\"yoast-schema-graph\">{\"@context\":\"https:\/\/schema.org\",\"@graph\":[{\"@type\":\"WebPage\",\"@id\":\"https:\/\/opis.emapi.pl\/kontakt\/\",\"url\":\"https:\/\/opis.emapi.pl\/kontakt\/\",\"name\":\"Contact - Opis Emapi\",\"isPartOf\":{\"@id\":\"https:\/\/opis.emapi.pl\/en\/#website\"},\"datePublished\":\"2014-04-24T11:12:14+00:00\",\"dateModified\":\"2026-01-15T08:36:25+00:00\",\"inLanguage\":\"en-US\",\"potentialAction\":[{\"@type\":\"ReadAction\",\"target\":[\"https:\/\/opis.emapi.pl\/kontakt\/\"]}]},{\"@type\":\"WebSite\",\"@id\":\"https:\/\/opis.emapi.pl\/en\/#website\",\"url\":\"https:\/\/opis.emapi.pl\/en\/\",\"name\":\"Opis Emapi\",\"description\":\"Opis Emapi\",\"potentialAction\":[{\"@type\":\"SearchAction\",\"target\":{\"@type\":\"EntryPoint\",\"urlTemplate\":\"https:\/\/opis.emapi.pl\/en\/?s={search_term_string}\"},\"query-input\":{\"@type\":\"PropertyValueSpecification\",\"valueRequired\":true,\"valueName\":\"search_term_string\"}}],\"inLanguage\":\"en-US\"}]}<\/script>\r\n<!-- \/ Yoast SEO plugin. -->","yoast_head_json":{"title":"Contact - Opis Emapi","robots":{"index":"index","follow":"follow","max-snippet":"max-snippet:-1","max-image-preview":"max-image-preview:large","max-video-preview":"max-video-preview:-1"},"canonical":"https:\/\/opis.emapi.pl\/kontakt\/","og_locale":"en_US","og_type":"article","og_title":"Contact - Opis Emapi","og_description":"If you have any questions, need additional information or are interested in purchasing, please contact us: Address data: Emapa Telematics Czytaj wi\u0119cej...","og_url":"https:\/\/opis.emapi.pl\/kontakt\/","og_site_name":"Opis Emapi","article_modified_time":"2026-01-15T08:36:25+00:00","schema":{"@context":"https:\/\/schema.org","@graph":[{"@type":"WebPage","@id":"https:\/\/opis.emapi.pl\/kontakt\/","url":"https:\/\/opis.emapi.pl\/kontakt\/","name":"Contact - Opis Emapi","isPartOf":{"@id":"https:\/\/opis.emapi.pl\/en\/#website"},"datePublished":"2014-04-24T11:12:14+00:00","dateModified":"2026-01-15T08:36:25+00:00","inLanguage":"en-US","potentialAction":[{"@type":"ReadAction","target":["https:\/\/opis.emapi.pl\/kontakt\/"]}]},{"@type":"WebSite","@id":"https:\/\/opis.emapi.pl\/en\/#website","url":"https:\/\/opis.emapi.pl\/en\/","name":"Opis Emapi","description":"Opis Emapi","potentialAction":[{"@type":"SearchAction","target":{"@type":"EntryPoint","urlTemplate":"https:\/\/opis.emapi.pl\/en\/?s={search_term_string}"},"query-input":{"@type":"PropertyValueSpecification","valueRequired":true,"valueName":"search_term_string"}}],"inLanguage":"en-US"}]}},"_links":{"self":[{"href":"https:\/\/opis.emapi.pl\/en\/wp-json\/wp\/v2\/pages\/320","targetHints":{"allow":["GET"]}}],"collection":[{"href":"https:\/\/opis.emapi.pl\/en\/wp-json\/wp\/v2\/pages"}],"about":[{"href":"https:\/\/opis.emapi.pl\/en\/wp-json\/wp\/v2\/types\/page"}],"author":[{"embeddable":true,"href":"https:\/\/opis.emapi.pl\/en\/wp-json\/wp\/v2\/users\/1"}],"replies":[{"embeddable":true,"href":"https:\/\/opis.emapi.pl\/en\/wp-json\/wp\/v2\/comments?post=320"}],"version-history":[{"count":0,"href":"https:\/\/opis.emapi.pl\/en\/wp-json\/wp\/v2\/pages\/320\/revisions"}],"wp:attachment":[{"href":"https:\/\/opis.emapi.pl\/en\/wp-json\/wp\/v2\/media?parent=320"}],"curies":[{"name":"wp","href":"https:\/\/api.w.org\/{rel}","templated":true}]}}